{"id":3,"date":"2022-08-04T15:32:20","date_gmt":"2022-08-04T13:32:20","guid":{"rendered":"https:\/\/mohito.net.pl\/?page_id=3"},"modified":"2022-09-01T17:25:53","modified_gmt":"2022-09-01T15:25:53","slug":"polityka-prywatnosci","status":"publish","type":"page","link":"https:\/\/mohito.net.pl\/?page_id=3","title":{"rendered":"Polityka prywatno\u015bci"},"content":{"rendered":"\r\n<p>&nbsp;<\/p>\r\n\r\n\r\n\r\n\r\n\r\n<div>POLITYKA PRYWATNO\u015aCI STRONY INTERNETOWEJ WWW.MOHITO.NET.PL<\/div>\r\n<div>1. Dla W\u0142a\u015bciciela \u00a0niniejszej strony internetowej, ochrona danych osobowych U\u017cytkownik\u00f3w jest spraw\u0105 najwy\u017cszej wagi. Dok\u0142ada on ogrom stara\u0144, aby U\u017cytkownicy czuli si\u0119 bezpiecznie, powierzaj\u0105c swoje dane osobowe w trakcie korzystania ze strony internetowej.<\/div>\r\n<div>2. U\u017cytkownik to osoba fizyczna, osoba prawna albo jednostka organizacyjna, nieposiadaj\u0105ca osobowo\u015bci prawnej, kt\u00f3rej ustawa przyznaje zdolno\u015b\u0107 prawn\u0105, korzystaj\u0105ca z us\u0142ug elektronicznych, dost\u0119pnych w ramach strony internetowej.<\/div>\r\n<div>3. Niniejsza polityka prywatno\u015bci wyja\u015bnia zasady i zakres przetwarzania danych osobowych U\u017cytkownika, przys\u0142uguj\u0105ce mu prawa, jak te\u017c obowi\u0105zki administratora tych danych, a tak\u017ce informuje o u\u017cywaniu plik\u00f3w cookies.<\/div>\r\n<div>4. Administrator stosuje najnowocze\u015bniejsze \u015brodki techniczne i rozwi\u0105zania organizacyjne, zapewniaj\u0105ce wysoki poziom ochrony przetwarzanych danych osobowych oraz zabezpieczenia przed dost\u0119pem os\u00f3b nieupowa\u017cnionych.\u00a0<\/div>\r\n<div>\u00a0<\/div>\r\n<div>I. ADMINISTRATOR DANYCH OSOBOWYCH<\/div>\r\n<div>Administratorem danych osobowych jest Przedsi\u0119biorca Pan Szymon Szlachta, prowadz\u0105cy dzia\u0142alno\u015b\u0107 gospodarcz\u0105 pod firm\u0105: MOHITO siedzib\u0105 przy: ul. Wiosenna 10B\/1, 62-064 Plewiska, NIP: \u00a0778-14-22-023 (zwany dalej: \u201eW\u0142a\u015bciciel&#8221;).<\/div>\r\n<div>\u00a0<\/div>\r\n<div>II. CEL PRZETWARZANIA DANYCH OSOBOWYCH<\/div>\r\n<div>1. Administrator przetwarza dane osobowe U\u017cytkownika w celu:<\/div>\r\n<div>a. zawarcia umowy<\/div>\r\n<div>b. dokonania rozlicze\u0144<\/div>\r\n<div>c. dostarczenia zam\u00f3wionego przez U\u017cytkownika towaru lub wykonanie us\u0142ug<\/div>\r\n<div>2. U\u017cytkownik mo\u017ce r\u00f3wnie\u017c wyrazi\u0107 zgod\u0119 na otrzymywanie informacji o nowo\u015bciach i promocjach, co spowoduje, \u017ce administrator b\u0119dzie r\u00f3wnie\u017c przetwarza\u0107 dane osobowe, w celu przesy\u0142ania U\u017cytkownikowi informacji handlowych, dotycz\u0105cych m.in. nowych produkt\u00f3w lub us\u0142ug, promocji czy wyprzeda\u017cy.<\/div>\r\n<div>3. Dane osobowe s\u0105 r\u00f3wnie\u017c przetwarzane w ramach wype\u0142nienia prawnych obowi\u0105zk\u00f3w, ci\u0105\u017c\u0105cych na administratorze danych oraz realizacji zada\u0144, w interesie publicznym m.in. do wykonywania zada\u0144, zwi\u0105zanych z bezpiecze\u0144stwem i obronno\u015bci\u0105 lub przechowywaniem dokumentacji podatkowej.<\/div>\r\n<div>4. Dane osobowe mog\u0105 by\u0107 r\u00f3wnie\u017c przetwarzane w&amp;nbsp;celach marketingu bezpo\u015bredniego produkt\u00f3w, zabezpieczenia i dochodzenia roszcze\u0144 lub ochrony przed roszczeniami U\u017cytkownika lub osoby trzeciej, jak r\u00f3wnie\u017c marketingu us\u0142ug i produkt\u00f3w podmiot\u00f3w trzecich lub marketingu w\u0142asnego, nieb\u0119d\u0105cego marketingiem bezpo\u015brednim.<\/div>\r\n<div>\u00a0<\/div>\r\n<div>III. PODSTAWA PRAWNA PRZETWARZANIA DANYCH OSOBOWYCH<\/div>\r\n<div>1. Dane osobowe s\u0105 przetwarzane zgodnie z przepisami Rozporz\u0105dzenia Parlamentu Europejskiego i Rady (UE) 2016\/679 z dnia 27 kwietnia 2016 r. w sprawie ochrony os\u00f3b fizycznych w zwi\u0105zku z przetwarzaniem danych osobowych i w sprawie swobodnego przep\u0142ywu takich danych oraz uchylenia dyrektywy 95\/46\/WE (og\u00f3lne rozporz\u0105dzenie o ochronie danych), OJ L 119, 4.5.2016, p. 1\u201388, dalej zwane: rozporz\u0105dzenie RODO<\/div>\r\n<div>2. Administrator przetwarza dane osobowe wy\u0142\u0105cznie po uprzednim uzyskaniu zgody U\u017cytkownika w chwili potwierdzenia dokonanej na stronie internetowej transakcji.<\/div>\r\n<div>3. Wyra\u017cenie zgody na przetwarzanie danych osobowych jest ca\u0142kowicie dobrowolne, jednak\u017ce brak jej udzielenia uniemo\u017cliwia dokonywanie zakup\u00f3w, za po\u015brednictwem strony internetowej.<\/div>\r\n<div>\u00a0<\/div>\r\n<div>IV. PRAWA PRZYS\u0141UGUJ\u0104CE U\u017bYTKOWNIKOWI<\/div>\r\n<div>1. U\u017cytkownik mo\u017ce w ka\u017cdej chwili za\u017c\u0105da\u0107 od administratora informacji o zakresie przetwarzania danych osobowych.<\/div>\r\n<div>2. U\u017cytkownik mo\u017ce w ka\u017cdej chwili za\u017c\u0105da\u0107 poprawienia b\u0105d\u017a sprostowania swoich danych osobowych.\u00a0<\/div>\r\n<div>3. U\u017cytkownik mo\u017ce w ka\u017cdej chwili wycofa\u0107 swoj\u0105 zgod\u0119 na przetwarzanie jego danych osobowych, bez podawania przyczyny. \u017b\u0105danie nieprzetwarzania danych mo\u017ce dotyczy\u0107 wskazanego przez U\u017cytkownika konkretnego celu przetwarzania np. wycofanie zgody na otrzymywanie informacji handlowych b\u0105d\u017a dotyczy\u0107 wszystkich cel\u00f3w przetwarzania danych. Wycofanie zgody co do wszystkich cel\u00f3w przetwarzania spowoduje, \u017ce konto U\u017cytkownika zostanie usuni\u0119te ze strony internetowej, wraz ze wszystkimi wcze\u015bniej przetwarzanymi przez administratora danymi osobowymi U\u017cytkownika. Wycofanie zgody nie wp\u0142ynie na ju\u017c dokonane czynno\u015bci.<\/div>\r\n<div>4. U\u017cytkownik mo\u017ce w ka\u017cdej chwili \u017c\u0105da\u0107, bez podawania przyczyny, aby administrator usun\u0105\u0142 Jego dane. \u017b\u0105danie usuni\u0119cia danych nie wp\u0142ynie na dotychczas dokonane czynno\u015bci. Usuni\u0119cie danych oznacza jednoczesne usuni\u0119cie konta U\u017cytkownika, wraz ze wszystkimi zapisanymi i przetwarzanymi do tej pory przez administratora danymi osobowymi.<\/div>\r\n<div>5. U\u017cytkownik mo\u017ce w ka\u017cdej chwili wyrazi\u0107 sprzeciw przeciwko przetwarzaniu danych osobowych, zar\u00f3wno w zakresie wszystkich przetwarzanych przez administratora danych osobowych U\u017cytkownika, jak r\u00f3wnie\u017c jedynie w ograniczonym zakresie np. co do przetwarzania danych w konkretnie wskazanym celu. Sprzeciw nie wp\u0142ynie na dotychczas dokonane czynno\u015bci. Wniesienie sprzeciwu spowoduje usuni\u0119cie konta U\u017cytkownika, wraz ze wszystkimi zapisanymi i przetwarzanymi do tej pory, przez administratora, danymi osobowymi.<\/div>\r\n<div>6. U\u017cytkownik mo\u017ce za\u017c\u0105da\u0107 ograniczenia przetwarzania danych osobowych, czy to przez okre\u015blony czas, czy te\u017c bez ograniczenia czasowego, ale w okre\u015blonym zakresie, co administrator b\u0119dzie obowi\u0105zany spe\u0142ni\u0107. \u017b\u0105danie to nie wp\u0142ynie na dotychczas dokonane czynno\u015bci.<\/div>\r\n<div>7. U\u017cytkownik mo\u017ce za\u017c\u0105da\u0107, aby administrator przekaza\u0142 innemu podmiotowi, przetwarzane dane osobowe U\u017cytkownika. Powinien w tym celu napisa\u0107 pro\u015bb\u0119 do administratora, wskazuj\u0105c, jakiemu podmiotowi (nazwa, adres) nale\u017cy przekaza\u0107 dane osobowe U\u017cytkownika oraz jakie konkretnie dane U\u017cytkownik \u017cyczy sobie, \u017ceby administrator przekaza\u0142. Po potwierdzeniu przez U\u017cytkownika swojego \u017cyczenia, administrator przeka\u017ce, w formie elektronicznej, wskazanemu podmiotowi, dane osobowe U\u017cytkownika. Potwierdzenie przez U\u017cytkownika \u017c\u0105dania jest niezb\u0119dne z uwagi na bezpiecze\u0144stwo danych osobowych U\u017cytkownika oraz uzyskanie pewno\u015bci, \u017ce \u017c\u0105danie pochodzi od osoby uprawnionej.<\/div>\r\n<div>8. Administrator informuje U\u017cytkownika o podj\u0119tych dzia\u0142aniach, przed up\u0142ywem miesi\u0105ca od otrzymania jednego z \u017c\u0105da\u0144 wymienionych w poprzednich punktach.<\/div>\r\n<div>\u00a0<\/div>\r\n<div>V. POWIERZENIE PRZETWARZANIA DANYCH INNYM PODMIOTOM<\/div>\r\n<div>1. Administrator mo\u017ce powierza\u0107 przetwarzanie danych osobowych podmiotom wsp\u00f3\u0142pracuj\u0105cym z administratorem, w zakresie niezb\u0119dnym dla realizacji transakcji np. w celu przygotowania zam\u00f3wionego towaru oraz dostarczania przesy\u0142ek lub przekazywania informacji handlowych, pochodz\u0105cych od administratora (ostatnie dotyczy U\u017cytkownik\u00f3w, kt\u00f3rzy wyrazili zgod\u0119 na otrzymywanie informacji handlowych).<\/div>\r\n<div>2. Poza celami, wskazanymi w niniejszej Polityce Prywatno\u015bci, dane osobowe U\u017cytkownik\u00f3w, nie b\u0119d\u0105 w \u017caden spos\u00f3b udost\u0119pniane osobom trzecim, ani przekazywane innym podmiotom, w celu przesy\u0142ania materia\u0142\u00f3w marketingowych tych os\u00f3b trzecich.<\/div>\r\n<div>3. Dane osobowe U\u017cytkownik\u00f3w strony internetowej nie s\u0105 przekazywane poza obszar Unii Europejskiej.<\/div>\r\n<div>4. Niniejsza Polityka Prywatno\u015bci jest zgodna z przepisami wynikaj\u0105cymi z art. 13 ust. 1 i ust. 2 rozporz\u0105dzenia RODO.<\/div>\r\n\r\n<p>&nbsp;<\/p>","protected":false},"excerpt":{"rendered":"<p>&nbsp; &nbsp;<\/p>\n","protected":false},"author":1,"featured_media":0,"parent":50,"menu_order":1,"comment_status":"closed","ping_status":"closed","template":"","meta":{"pagelayer_contact_templates":[],"_pagelayer_content":"","ngg_post_thumbnail":0,"footnotes":""},"class_list":["post-3","page","type-page","status-publish","hentry"],"yoast_head":"<!-- This site is optimized with the Yoast SEO plugin v27.3 - https:\/\/yoast.com\/product\/yoast-seo-wordpress\/ -->\n<title>Polityka prywatno\u015bci - MOHITO<\/title>\n<meta name=\"robots\" content=\"index, follow, max-snippet:-1, max-image-preview:large, max-video-preview:-1\" \/>\n<link rel=\"canonical\" href=\"https:\/\/mohito.net.pl\/?page_id=3\" \/>\n<meta property=\"og:locale\" content=\"pl_PL\" \/>\n<meta property=\"og:type\" content=\"article\" \/>\n<meta property=\"og:title\" content=\"Polityka prywatno\u015bci - MOHITO\" \/>\n<meta property=\"og:description\" content=\"&nbsp; &nbsp;\" \/>\n<meta property=\"og:url\" content=\"https:\/\/mohito.net.pl\/?page_id=3\" \/>\n<meta property=\"og:site_name\" content=\"MOHITO\" \/>\n<meta property=\"article:modified_time\" content=\"2022-09-01T15:25:53+00:00\" \/>\n<meta name=\"twitter:card\" content=\"summary_large_image\" \/>\n<meta name=\"twitter:label1\" content=\"Szacowany czas czytania\" \/>\n\t<meta name=\"twitter:data1\" content=\"6 minut\" \/>\n<script type=\"application\/ld+json\" class=\"yoast-schema-graph\">{\"@context\":\"https:\\\/\\\/schema.org\",\"@graph\":[{\"@type\":\"WebPage\",\"@id\":\"https:\\\/\\\/mohito.net.pl\\\/?page_id=3\",\"url\":\"https:\\\/\\\/mohito.net.pl\\\/?page_id=3\",\"name\":\"Polityka prywatno\u015bci - MOHITO\",\"isPartOf\":{\"@id\":\"https:\\\/\\\/mohito.net.pl\\\/#website\"},\"datePublished\":\"2022-08-04T13:32:20+00:00\",\"dateModified\":\"2022-09-01T15:25:53+00:00\",\"breadcrumb\":{\"@id\":\"https:\\\/\\\/mohito.net.pl\\\/?page_id=3#breadcrumb\"},\"inLanguage\":\"pl-PL\",\"potentialAction\":[{\"@type\":\"ReadAction\",\"target\":[\"https:\\\/\\\/mohito.net.pl\\\/?page_id=3\"]}]},{\"@type\":\"BreadcrumbList\",\"@id\":\"https:\\\/\\\/mohito.net.pl\\\/?page_id=3#breadcrumb\",\"itemListElement\":[{\"@type\":\"ListItem\",\"position\":1,\"name\":\"Home\",\"item\":\"https:\\\/\\\/mohito.net.pl\\\/\"},{\"@type\":\"ListItem\",\"position\":2,\"name\":\"MOHITO\",\"item\":\"https:\\\/\\\/mohito.net.pl\\\/\"},{\"@type\":\"ListItem\",\"position\":3,\"name\":\"Polityka prywatno\u015bci\"}]},{\"@type\":\"WebSite\",\"@id\":\"https:\\\/\\\/mohito.net.pl\\\/#website\",\"url\":\"https:\\\/\\\/mohito.net.pl\\\/\",\"name\":\"MOHITO\",\"description\":\"Agencja Reklamowa\",\"publisher\":{\"@id\":\"https:\\\/\\\/mohito.net.pl\\\/#organization\"},\"potentialAction\":[{\"@type\":\"SearchAction\",\"target\":{\"@type\":\"EntryPoint\",\"urlTemplate\":\"https:\\\/\\\/mohito.net.pl\\\/?s={search_term_string}\"},\"query-input\":{\"@type\":\"PropertyValueSpecification\",\"valueRequired\":true,\"valueName\":\"search_term_string\"}}],\"inLanguage\":\"pl-PL\"},{\"@type\":\"Organization\",\"@id\":\"https:\\\/\\\/mohito.net.pl\\\/#organization\",\"name\":\"MOHITO\",\"url\":\"https:\\\/\\\/mohito.net.pl\\\/\",\"logo\":{\"@type\":\"ImageObject\",\"inLanguage\":\"pl-PL\",\"@id\":\"https:\\\/\\\/mohito.net.pl\\\/#\\\/schema\\\/logo\\\/image\\\/\",\"url\":\"https:\\\/\\\/mohito.net.pl\\\/wp-content\\\/uploads\\\/2022\\\/08\\\/cropped-ikona.png\",\"contentUrl\":\"https:\\\/\\\/mohito.net.pl\\\/wp-content\\\/uploads\\\/2022\\\/08\\\/cropped-ikona.png\",\"width\":512,\"height\":512,\"caption\":\"MOHITO\"},\"image\":{\"@id\":\"https:\\\/\\\/mohito.net.pl\\\/#\\\/schema\\\/logo\\\/image\\\/\"}}]}<\/script>\n<!-- \/ Yoast SEO plugin. -->","yoast_head_json":{"title":"Polityka prywatno\u015bci - MOHITO","robots":{"index":"index","follow":"follow","max-snippet":"max-snippet:-1","max-image-preview":"max-image-preview:large","max-video-preview":"max-video-preview:-1"},"canonical":"https:\/\/mohito.net.pl\/?page_id=3","og_locale":"pl_PL","og_type":"article","og_title":"Polityka prywatno\u015bci - MOHITO","og_description":"&nbsp; &nbsp;","og_url":"https:\/\/mohito.net.pl\/?page_id=3","og_site_name":"MOHITO","article_modified_time":"2022-09-01T15:25:53+00:00","twitter_card":"summary_large_image","twitter_misc":{"Szacowany czas czytania":"6 minut"},"schema":{"@context":"https:\/\/schema.org","@graph":[{"@type":"WebPage","@id":"https:\/\/mohito.net.pl\/?page_id=3","url":"https:\/\/mohito.net.pl\/?page_id=3","name":"Polityka prywatno\u015bci - MOHITO","isPartOf":{"@id":"https:\/\/mohito.net.pl\/#website"},"datePublished":"2022-08-04T13:32:20+00:00","dateModified":"2022-09-01T15:25:53+00:00","breadcrumb":{"@id":"https:\/\/mohito.net.pl\/?page_id=3#breadcrumb"},"inLanguage":"pl-PL","potentialAction":[{"@type":"ReadAction","target":["https:\/\/mohito.net.pl\/?page_id=3"]}]},{"@type":"BreadcrumbList","@id":"https:\/\/mohito.net.pl\/?page_id=3#breadcrumb","itemListElement":[{"@type":"ListItem","position":1,"name":"Home","item":"https:\/\/mohito.net.pl\/"},{"@type":"ListItem","position":2,"name":"MOHITO","item":"https:\/\/mohito.net.pl\/"},{"@type":"ListItem","position":3,"name":"Polityka prywatno\u015bci"}]},{"@type":"WebSite","@id":"https:\/\/mohito.net.pl\/#website","url":"https:\/\/mohito.net.pl\/","name":"MOHITO","description":"Agencja Reklamowa","publisher":{"@id":"https:\/\/mohito.net.pl\/#organization"},"potentialAction":[{"@type":"SearchAction","target":{"@type":"EntryPoint","urlTemplate":"https:\/\/mohito.net.pl\/?s={search_term_string}"},"query-input":{"@type":"PropertyValueSpecification","valueRequired":true,"valueName":"search_term_string"}}],"inLanguage":"pl-PL"},{"@type":"Organization","@id":"https:\/\/mohito.net.pl\/#organization","name":"MOHITO","url":"https:\/\/mohito.net.pl\/","logo":{"@type":"ImageObject","inLanguage":"pl-PL","@id":"https:\/\/mohito.net.pl\/#\/schema\/logo\/image\/","url":"https:\/\/mohito.net.pl\/wp-content\/uploads\/2022\/08\/cropped-ikona.png","contentUrl":"https:\/\/mohito.net.pl\/wp-content\/uploads\/2022\/08\/cropped-ikona.png","width":512,"height":512,"caption":"MOHITO"},"image":{"@id":"https:\/\/mohito.net.pl\/#\/schema\/logo\/image\/"}}]}},"_links":{"self":[{"href":"https:\/\/mohito.net.pl\/index.php?rest_route=\/wp\/v2\/pages\/3","targetHints":{"allow":["GET"]}}],"collection":[{"href":"https:\/\/mohito.net.pl\/index.php?rest_route=\/wp\/v2\/pages"}],"about":[{"href":"https:\/\/mohito.net.pl\/index.php?rest_route=\/wp\/v2\/types\/page"}],"author":[{"embeddable":true,"href":"https:\/\/mohito.net.pl\/index.php?rest_route=\/wp\/v2\/users\/1"}],"replies":[{"embeddable":true,"href":"https:\/\/mohito.net.pl\/index.php?rest_route=%2Fwp%2Fv2%2Fcomments&post=3"}],"version-history":[{"count":8,"href":"https:\/\/mohito.net.pl\/index.php?rest_route=\/wp\/v2\/pages\/3\/revisions"}],"predecessor-version":[{"id":295,"href":"https:\/\/mohito.net.pl\/index.php?rest_route=\/wp\/v2\/pages\/3\/revisions\/295"}],"up":[{"embeddable":true,"href":"https:\/\/mohito.net.pl\/index.php?rest_route=\/wp\/v2\/pages\/50"}],"wp:attachment":[{"href":"https:\/\/mohito.net.pl\/index.php?rest_route=%2Fwp%2Fv2%2Fmedia&parent=3"}],"curies":[{"name":"wp","href":"https:\/\/api.w.org\/{rel}","templated":true}]}}