{"id":50,"date":"2022-08-11T14:17:05","date_gmt":"2022-08-11T12:17:05","guid":{"rendered":"https:\/\/mohito.net.pl\/?page_id=50"},"modified":"2025-12-30T19:11:05","modified_gmt":"2025-12-30T18:11:05","slug":"o-nas","status":"publish","type":"page","link":"https:\/\/mohito.net.pl\/","title":{"rendered":"MOHITO"},"content":{"rendered":"<p>[vc_row full_width=&#8221;stretch_row_content&#8221; content_placement=&#8221;top&#8221; parallax=&#8221;content-moving&#8221; parallax_speed_bg=&#8221;4&#8243; css_animation=&#8221;bounceInDown&#8221;][vc_column]\n\n    <!-- About  -->\n\n    <section             class=\"about section \">\n        <div class=\"container\">\n            <header class=\"section-header\">\n                <h2 class=\"section-title\">O NAS <span class=\"text-primary\">| TROCH\u0118<\/span><\/h2>\n                <strong class=\"fade-title-left\">O NAS<\/strong>\n            <\/header>\n            <div class=\"section-content\">\n                <div class=\"row-base row\">\n                    <div class=\"col-base col-sm-6 col-md-4\">\n                        <h3 class=\"col-about-title\">od ponad 10 lat tworzymy zgrany zesp\u00f3\u0142<span\n                                    class=\"text-primary\"><\/span><\/h3>\n                        <div class=\"col-about-info\">\n\t\t\t\t\t\t\tzajmuj\u0105cy si\u0119 realizacj\u0105 projekt\u00f3w marketingowych i produkcyjnych od A do Z.<br \/>\nNaszym g\u0142\u00f3wnym atutem jest du\u017ca dawka kreatywno\u015bci i elastyczno\u015bci czasowej, z kt\u00f3r\u0105 podchodzimy do realizacji ka\u017cdego zlecenia.\n                        <\/div>\n                    <\/div>\n                    <div class=\"col-base col-about-spec col-sm-6 col-md-4\">\n                        <h3 class=\"col-about-title\">                            <span class=\"text-primary\">360 stopni<\/span><\/h3>\n\t\t\t\t\t\t                                <div class=\"service-item\">\n\t\t\t\t\t\t\t\t\t                                        <img decoding=\"async\" alt=\"\" width=\"46\" src=\"\">\n\t\t\t\t\t\t\t\t\t                                    <h4> <\/h4>\n                                <\/div>\n\t\t\t\t\t\t\t                    <\/div>\n                    <div class=\"clearfix visible-sm\"><\/div>\n                    <div class=\"col-base col-about-img col-sm-6 col-md-4\">\n                        <img decoding=\"async\" alt=\"\" class=\"img-responsive\" src=\"\">\n                    <\/div>\n                <\/div>\n            <\/div>\n        <\/div>\n    <\/section>\n\t[\/vc_column][\/vc_row][vc_row full_width=&#8221;stretch_row_content&#8221; content_placement=&#8221;top&#8221;][vc_column parallax=&#8221;content-moving&#8221; css_animation=&#8221;bounceInUp&#8221;]\n\n    <!-- About  -->\n\n    <section             class=\"about section \">\n        <div class=\"container\">\n            <header class=\"section-header\">\n                <h2 class=\"section-title\">OFERTA <span class=\"text-primary\">| IDEALNIE<\/span><\/h2>\n                <strong class=\"fade-title-left\">OFERTA<\/strong>\n            <\/header>\n            <div class=\"section-content\">\n                <div class=\"row-base row\">\n                    <div class=\"col-base col-sm-6 col-md-4\">\n                        <h3 class=\"col-about-title\">nasze dzia\u0142ania mo\u017cemy podzieli\u0107 na obszary<span\n                                    class=\"text-primary\">.<\/span><\/h3>\n                        <div class=\"col-about-info\">\n\t\t\t\t\t\t\t\u2022 projektowanie graficzne<\/p>\n<p>\u2022 organizacja szkole\u0144 i event\u00f3w<\/p>\n<p>\u2022 produkcja materia\u0142\u00f3w POSM, szkoleniowych oraz informacyjnych<\/p>\n<p>\u2022 wykonywanie niestandardowych materia\u0142\u00f3w promocyjnych, tablic informacyjnych i magnetycznych<\/p>\n<p>\u2022 branding lokali<\/p>\n<p>\u2022 nadz\u00f3r produkcyjny<\/p>\n<p>\u2022 konfekcja i logistyka materia\u0142\u00f3w<\/p>\n<p>\u2022 inne nigdzie nie sklasyfikowane \ud83d\ude09\n                        <\/div>\n                    <\/div>\n                    <div class=\"col-base col-about-spec col-sm-6 col-md-4\">\n                        <h3 class=\"col-about-title\">                            <span class=\"text-primary\">dopasowana<\/span><\/h3>\n\t\t\t\t\t\t                                <div class=\"service-item\">\n\t\t\t\t\t\t\t\t\t                                        <img decoding=\"async\" alt=\"\" width=\"46\" src=\"\">\n\t\t\t\t\t\t\t\t\t                                    <h4><\/h4>\n                                <\/div>\n\t\t\t\t\t\t\t                    <\/div>\n                    <div class=\"clearfix visible-sm\"><\/div>\n                    <div class=\"col-base col-about-img col-sm-6 col-md-4\">\n                        <img decoding=\"async\" alt=\"\" class=\"img-responsive\" src=\"\">\n                    <\/div>\n                <\/div>\n            <\/div>\n        <\/div>\n    <\/section>\n\t[\/vc_column][\/vc_row][vc_row full_width=&#8221;stretch_row_content&#8221; equal_height=&#8221;yes&#8221; parallax=&#8221;content-moving&#8221; parallax_image=&#8221;396&#8243; parallax_speed_bg=&#8221;3&#8243; css_animation=&#8221;bounceInRight&#8221;][vc_column parallax=&#8221;content-moving-fade&#8221; css_animation=&#8221;bounceInRight&#8221;]\n\n    <!-- About  -->\n\n    <section             class=\"about section \">\n        <div class=\"container\">\n            <header class=\"section-header\">\n                <h2 class=\"section-title\">KLIENCI <span class=\"text-primary\">| KLIENCI<\/span><\/h2>\n                <strong class=\"fade-title-left\">KLIENCI<\/strong>\n            <\/header>\n            <div class=\"section-content\">\n                <div class=\"row-base row\">\n                    <div class=\"col-base col-sm-6 col-md-4\">\n                        <h3 class=\"col-about-title\"><span\n                                    class=\"text-primary\"><\/span><\/h3>\n                        <div class=\"col-about-info\">\n                            <p><\/p>\n                        <\/div>\n                    <\/div>\n                    <div class=\"col-base col-about-spec col-sm-6 col-md-4\">\n                        <h3 class=\"col-about-title\">                            <span class=\"text-primary\"><\/span><\/h3>\n\t\t\t\t\t\t                                <div class=\"service-item\">\n\t\t\t\t\t\t\t\t\t                                        <img decoding=\"async\" alt=\"\" width=\"46\" src=\"\">\n\t\t\t\t\t\t\t\t\t                                    <h4>WSZYSCY S\u0104 WA\u017bNI<\/h4>\n                                <\/div>\n\t\t\t\t\t\t\t                    <\/div>\n                    <div class=\"clearfix visible-sm\"><\/div>\n                    <div class=\"col-base col-about-img col-sm-6 col-md-4\">\n                        <img decoding=\"async\" alt=\"\" class=\"img-responsive\" src=\"\">\n                    <\/div>\n                <\/div>\n            <\/div>\n        <\/div>\n    <\/section>\n\t[\/vc_column][\/vc_row][vc_row][vc_column parallax=&#8221;content-moving-fade&#8221; css_animation=&#8221;bounceInLeft&#8221;][vc_images_carousel images=&#8221;257,251,250,249,248,247,234,232,231,227&#8243; img_size=&#8221;150&#8243; onclick=&#8221;link_no&#8221; speed=&#8221;3000&#8243; slides_per_view=&#8221;4&#8243; autoplay=&#8221;yes&#8221; hide_pagination_control=&#8221;yes&#8221; hide_prev_next_buttons=&#8221;yes&#8221; wrap=&#8221;yes&#8221; css_animation=&#8221;bounceInLeft&#8221;][\/vc_column][\/vc_row][vc_row full_width=&#8221;stretch_row_content&#8221; content_placement=&#8221;top&#8221; parallax=&#8221;content-moving&#8221; parallax_image=&#8221;405&#8243; parallax_speed_bg=&#8221;4&#8243; css_animation=&#8221;bounceIn&#8221;][vc_column]\n\n    <!-- About  -->\n\n    <section             class=\"about section \">\n        <div class=\"container\">\n            <header class=\"section-header\">\n                <h2 class=\"section-title\">PROJEKTY <span class=\"text-primary\">| PRODUKCJA<\/span><\/h2>\n                <strong class=\"fade-title-left\">PROJEKTY<\/strong>\n            <\/header>\n            <div class=\"section-content\">\n                <div class=\"row-base row\">\n                    <div class=\"col-base col-sm-6 col-md-4\">\n                        <h3 class=\"col-about-title\"><span\n                                    class=\"text-primary\"><\/span><\/h3>\n                        <div class=\"col-about-info\">\n                            <p><\/p>\n                        <\/div>\n                    <\/div>\n                    <div class=\"col-base col-about-spec col-sm-6 col-md-4\">\n                        <h3 class=\"col-about-title\">                            <span class=\"text-primary\"><\/span><\/h3>\n\t\t\t\t\t\t                                <div class=\"service-item\">\n\t\t\t\t\t\t\t\t\t                                        <img decoding=\"async\" alt=\"\" width=\"46\" src=\"\">\n\t\t\t\t\t\t\t\t\t                                    <h4>WYBRANE<\/h4>\n                                <\/div>\n\t\t\t\t\t\t\t                    <\/div>\n                    <div class=\"clearfix visible-sm\"><\/div>\n                    <div class=\"col-base col-about-img col-sm-6 col-md-4\">\n                        <img decoding=\"async\" alt=\"\" class=\"img-responsive\" src=\"\">\n                    <\/div>\n                <\/div>\n            <\/div>\n        <\/div>\n    <\/section>\n\t[\/vc_column][\/vc_row][vc_row][vc_column][vc_column_text]ngg_shortcode_0_placeholder[\/vc_column_text][\/vc_column][\/vc_row][vc_row full_width=&#8221;stretch_row_content&#8221; content_placement=&#8221;top&#8221; parallax=&#8221;content-moving&#8221; parallax_image=&#8221;393&#8243; parallax_speed_bg=&#8221;4&#8243; css_animation=&#8221;bounceInUp&#8221;][vc_column]\n\n    <!-- Contacts -->\n\n    <section             class=\"contacts section \">\n        <div class=\"container\">\n            <header class=\"section-header\">\n                <h2 class=\"section-title\">ZOSTA\u0143MY <span class=\"text-primary\">W KONTAKCIE<\/span><\/h2>\n                <strong class=\"fade-title-right\">KONTAKT<\/strong>\n            <\/header>\n            <div class=\"section-content\">\n                <div class=\"row-base row\">\n                    <div class=\"col-address col-base col-md-4\">\n\t\t\t\t\t\tt: +48 604 659 425 | biuro@mohito.net.pl                    <\/div>\n                    <div class=\"col-base  col-md-8\">\n                        <form class=\"js-ajax-form\">\n                            <div class=\"row-field row\">\n                                <div class=\"col-field col-sm-6 col-md-4\">\n                                    <div class=\"form-group\">\n\n\n                                        <input type=\"text\" class=\"form-control\" name=\"name\"\n                                               placeholder=\"imi\u0119 i nazwisko\">\n                                    <\/div>\n                                    <div class=\"form-group\">\n                                        <input type=\"email\" class=\"form-control\" name=\"email\" required\n                                               placeholder=\"e-mail\">\n                                    <\/div>\n\n                                <\/div>\n                                <div class=\"col-field col-sm-6 col-md-4\">\n                                    <div class=\"form-group\">\n                                        <input type=\"tel\" class=\"form-control\" name=\"phone\"\n                                               placeholder=\"telefon\">\n                                    <\/div>\n                                    <div class=\"form-group\">\n                                        <input  type=\"text\" class=\"form-control\" name=\"company\"\n                                               placeholder=\" firma\">\n                                    <\/div>\n                                <\/div>\n                                <div class=\"col-field col-sm-12 col-md-4\">\n                                    <div class=\"form-group\">\n                                        <textarea name=\"message\" placeholder=\" wiadomo\u015b\u0107\"><\/textarea>\n                                    <\/div>\n                                <\/div>\n\n\n                                <div class=\"col-message col-field col-sm-12\">\n                                    <div class=\"form-group\">\n                                        <div class=\"success-message\"><i\n\t\t\t\t\t\t\t\t\t\t\t\t\n\n                                                    class=\"fa fa-check text-primary\"><\/i> Thank you!. Your message is successfully sent...<\/div>\n                                        <div class=\"error-message\">We&#039;re sorry, but something went wrong<\/div>\n                                    <\/div>\n                                <\/div>\n                            <\/div>\n                            <div class=\"form-submit text-right\">\n                                <button type=\"submit\"\n                                        class=\"btn btn-shadow-2 wow swing\">wy\u015blij <i class=\"icon-next\"><\/i><\/button>\n                            <\/div>\n                        <\/form>\n                    <\/div>\n                <\/div>\n            <\/div>\n        <\/div>\n    <\/section>\n\n\t[\/vc_column][\/vc_row]<\/p>\n","protected":false},"excerpt":{"rendered":"<p>[\/vc_row]<\/p>\n","protected":false},"author":1,"featured_media":0,"parent":0,"menu_order":0,"comment_status":"closed","ping_status":"closed","template":"","meta":{"pagelayer_contact_templates":[],"_pagelayer_content":"","ngg_post_thumbnail":0,"footnotes":""},"class_list":["post-50","page","type-page","status-publish","hentry"],"yoast_head":"<!-- This site is optimized with the Yoast SEO plugin v27.3 - https:\/\/yoast.com\/product\/yoast-seo-wordpress\/ -->\n<title>MOHITO - MOHITO<\/title>\n<meta name=\"robots\" content=\"index, follow, max-snippet:-1, max-image-preview:large, max-video-preview:-1\" \/>\n<link rel=\"canonical\" href=\"https:\/\/mohito.net.pl\/\" \/>\n<meta property=\"og:locale\" content=\"pl_PL\" \/>\n<meta property=\"og:type\" content=\"article\" \/>\n<meta property=\"og:title\" content=\"MOHITO - MOHITO\" \/>\n<meta property=\"og:description\" content=\"[\/vc_row]\" \/>\n<meta property=\"og:url\" content=\"https:\/\/mohito.net.pl\/\" \/>\n<meta property=\"og:site_name\" content=\"MOHITO\" \/>\n<meta property=\"article:modified_time\" content=\"2025-12-30T18:11:05+00:00\" \/>\n<meta name=\"twitter:card\" content=\"summary_large_image\" \/>\n<meta name=\"twitter:label1\" content=\"Szacowany czas czytania\" \/>\n\t<meta name=\"twitter:data1\" content=\"2 minuty\" \/>\n<script type=\"application\/ld+json\" class=\"yoast-schema-graph\">{\"@context\":\"https:\\\/\\\/schema.org\",\"@graph\":[{\"@type\":\"WebPage\",\"@id\":\"https:\\\/\\\/mohito.net.pl\\\/\",\"url\":\"https:\\\/\\\/mohito.net.pl\\\/\",\"name\":\"MOHITO - MOHITO\",\"isPartOf\":{\"@id\":\"https:\\\/\\\/mohito.net.pl\\\/#website\"},\"datePublished\":\"2022-08-11T12:17:05+00:00\",\"dateModified\":\"2025-12-30T18:11:05+00:00\",\"breadcrumb\":{\"@id\":\"https:\\\/\\\/mohito.net.pl\\\/#breadcrumb\"},\"inLanguage\":\"pl-PL\",\"potentialAction\":[{\"@type\":\"ReadAction\",\"target\":[\"https:\\\/\\\/mohito.net.pl\\\/\"]}]},{\"@type\":\"BreadcrumbList\",\"@id\":\"https:\\\/\\\/mohito.net.pl\\\/#breadcrumb\",\"itemListElement\":[{\"@type\":\"ListItem\",\"position\":1,\"name\":\"Home\",\"item\":\"https:\\\/\\\/mohito.net.pl\\\/\"},{\"@type\":\"ListItem\",\"position\":2,\"name\":\"MOHITO\"}]},{\"@type\":\"WebSite\",\"@id\":\"https:\\\/\\\/mohito.net.pl\\\/#website\",\"url\":\"https:\\\/\\\/mohito.net.pl\\\/\",\"name\":\"MOHITO\",\"description\":\"Agencja Reklamowa\",\"publisher\":{\"@id\":\"https:\\\/\\\/mohito.net.pl\\\/#organization\"},\"potentialAction\":[{\"@type\":\"SearchAction\",\"target\":{\"@type\":\"EntryPoint\",\"urlTemplate\":\"https:\\\/\\\/mohito.net.pl\\\/?s={search_term_string}\"},\"query-input\":{\"@type\":\"PropertyValueSpecification\",\"valueRequired\":true,\"valueName\":\"search_term_string\"}}],\"inLanguage\":\"pl-PL\"},{\"@type\":\"Organization\",\"@id\":\"https:\\\/\\\/mohito.net.pl\\\/#organization\",\"name\":\"MOHITO\",\"url\":\"https:\\\/\\\/mohito.net.pl\\\/\",\"logo\":{\"@type\":\"ImageObject\",\"inLanguage\":\"pl-PL\",\"@id\":\"https:\\\/\\\/mohito.net.pl\\\/#\\\/schema\\\/logo\\\/image\\\/\",\"url\":\"https:\\\/\\\/mohito.net.pl\\\/wp-content\\\/uploads\\\/2022\\\/08\\\/cropped-ikona.png\",\"contentUrl\":\"https:\\\/\\\/mohito.net.pl\\\/wp-content\\\/uploads\\\/2022\\\/08\\\/cropped-ikona.png\",\"width\":512,\"height\":512,\"caption\":\"MOHITO\"},\"image\":{\"@id\":\"https:\\\/\\\/mohito.net.pl\\\/#\\\/schema\\\/logo\\\/image\\\/\"}}]}<\/script>\n<!-- \/ Yoast SEO plugin. -->","yoast_head_json":{"title":"MOHITO - MOHITO","robots":{"index":"index","follow":"follow","max-snippet":"max-snippet:-1","max-image-preview":"max-image-preview:large","max-video-preview":"max-video-preview:-1"},"canonical":"https:\/\/mohito.net.pl\/","og_locale":"pl_PL","og_type":"article","og_title":"MOHITO - MOHITO","og_description":"[\/vc_row]","og_url":"https:\/\/mohito.net.pl\/","og_site_name":"MOHITO","article_modified_time":"2025-12-30T18:11:05+00:00","twitter_card":"summary_large_image","twitter_misc":{"Szacowany czas czytania":"2 minuty"},"schema":{"@context":"https:\/\/schema.org","@graph":[{"@type":"WebPage","@id":"https:\/\/mohito.net.pl\/","url":"https:\/\/mohito.net.pl\/","name":"MOHITO - MOHITO","isPartOf":{"@id":"https:\/\/mohito.net.pl\/#website"},"datePublished":"2022-08-11T12:17:05+00:00","dateModified":"2025-12-30T18:11:05+00:00","breadcrumb":{"@id":"https:\/\/mohito.net.pl\/#breadcrumb"},"inLanguage":"pl-PL","potentialAction":[{"@type":"ReadAction","target":["https:\/\/mohito.net.pl\/"]}]},{"@type":"BreadcrumbList","@id":"https:\/\/mohito.net.pl\/#breadcrumb","itemListElement":[{"@type":"ListItem","position":1,"name":"Home","item":"https:\/\/mohito.net.pl\/"},{"@type":"ListItem","position":2,"name":"MOHITO"}]},{"@type":"WebSite","@id":"https:\/\/mohito.net.pl\/#website","url":"https:\/\/mohito.net.pl\/","name":"MOHITO","description":"Agencja Reklamowa","publisher":{"@id":"https:\/\/mohito.net.pl\/#organization"},"potentialAction":[{"@type":"SearchAction","target":{"@type":"EntryPoint","urlTemplate":"https:\/\/mohito.net.pl\/?s={search_term_string}"},"query-input":{"@type":"PropertyValueSpecification","valueRequired":true,"valueName":"search_term_string"}}],"inLanguage":"pl-PL"},{"@type":"Organization","@id":"https:\/\/mohito.net.pl\/#organization","name":"MOHITO","url":"https:\/\/mohito.net.pl\/","logo":{"@type":"ImageObject","inLanguage":"pl-PL","@id":"https:\/\/mohito.net.pl\/#\/schema\/logo\/image\/","url":"https:\/\/mohito.net.pl\/wp-content\/uploads\/2022\/08\/cropped-ikona.png","contentUrl":"https:\/\/mohito.net.pl\/wp-content\/uploads\/2022\/08\/cropped-ikona.png","width":512,"height":512,"caption":"MOHITO"},"image":{"@id":"https:\/\/mohito.net.pl\/#\/schema\/logo\/image\/"}}]}},"_links":{"self":[{"href":"https:\/\/mohito.net.pl\/index.php?rest_route=\/wp\/v2\/pages\/50","targetHints":{"allow":["GET"]}}],"collection":[{"href":"https:\/\/mohito.net.pl\/index.php?rest_route=\/wp\/v2\/pages"}],"about":[{"href":"https:\/\/mohito.net.pl\/index.php?rest_route=\/wp\/v2\/types\/page"}],"author":[{"embeddable":true,"href":"https:\/\/mohito.net.pl\/index.php?rest_route=\/wp\/v2\/users\/1"}],"replies":[{"embeddable":true,"href":"https:\/\/mohito.net.pl\/index.php?rest_route=%2Fwp%2Fv2%2Fcomments&post=50"}],"version-history":[{"count":125,"href":"https:\/\/mohito.net.pl\/index.php?rest_route=\/wp\/v2\/pages\/50\/revisions"}],"predecessor-version":[{"id":460,"href":"https:\/\/mohito.net.pl\/index.php?rest_route=\/wp\/v2\/pages\/50\/revisions\/460"}],"wp:attachment":[{"href":"https:\/\/mohito.net.pl\/index.php?rest_route=%2Fwp%2Fv2%2Fmedia&parent=50"}],"curies":[{"name":"wp","href":"https:\/\/api.w.org\/{rel}","templated":true}]}}